{"id":3,"date":"2023-10-30T14:50:57","date_gmt":"2023-10-30T13:50:57","guid":{"rendered":"https:\/\/www.digi4shop.it\/?page_id=3"},"modified":"2024-01-05T18:17:55","modified_gmt":"2024-01-05T17:17:55","slug":"privacy-policy","status":"publish","type":"page","link":"https:\/\/www.digi4shop.it\/index.php\/privacy-policy\/","title":{"rendered":"Privacy Policy"},"content":{"rendered":"[et_pb_section fb_built=&#8221;1&#8243; admin_label=&#8221;section&#8221; _builder_version=&#8221;4.16&#8243; global_colors_info=&#8221;{}&#8221;][et_pb_row admin_label=&#8221;row&#8221; _builder_version=&#8221;4.16&#8243; background_size=&#8221;initial&#8221; background_position=&#8221;top_left&#8221; background_repeat=&#8221;repeat&#8221; global_colors_info=&#8221;{}&#8221;][et_pb_column type=&#8221;4_4&#8243; _builder_version=&#8221;4.16&#8243; custom_padding=&#8221;|||&#8221; global_colors_info=&#8221;{}&#8221; custom_padding__hover=&#8221;|||&#8221;][et_pb_text admin_label=&#8221;Text&#8221; _builder_version=&#8221;4.16&#8243; background_size=&#8221;initial&#8221; background_position=&#8221;top_left&#8221; background_repeat=&#8221;repeat&#8221; global_colors_info=&#8221;{}&#8221;]<h1>Privacy Policy<\/h1>\n<p>1. Utilizzando il sito l\u2019utente autorizza il trattamento dei suoi dati personali. La presente informativa ha valore anche ai fini dell\u2019articolo 13 del Regolamento UE n. 2016\/679, relativo alla protezione delle persone fisiche con riguardo al trattamento dei dati personali nonch\u00e9 alla libera circolazione di tali dati.<\/p>\n<p>2. Titolare del trattamento \u00e8 DIGIPLUS srl.<\/p>\n<p>3. Responsabile del trattamento, nominato dal titolare,\u00a0\u00a0Service Provider <a href=\"https:\/\/aruba.it\">ARUBA SPA.<\/a><\/p>\n<p>4. I dati verranno trattati presso in server sul territorio Italiano<\/p>\n<p>5. Il trattamento dei dati avviene in forma esclusivamente elettronica, attraverso strumenti e supporti informatici atti ad assicurare la sicurezza e riservatezza dei dati medesimi. Le informazioni immagazzinate sono protette da accessi non autorizzati.<\/p>\n<p>6. Si procede al trattamento dei dati forniti dagli utenti relativamente agli ordini di acquisto, ai pagamenti (che possono contenere nome, indirizzo, recapiti), indirizzo IP, tutti gli altri dati comunicati.<\/p>\n<p>7.\u00a0La finalit\u00e0 dell\u2019utilizzazione di tali dati \u00e8 l\u2019esecuzione dell\u2019ordine di acquisto e dei pagamenti, la comunicazione dei dati stessi a terzi fornitori dei servizi di pagamento, di spedizione nonch\u00e9 i contatti di natura informativa circa le attivit\u00e0 e i servizi del sito, offerte di natura commerciale delle societ\u00e0 affiliate e partners commerciali.<\/p>\n<p>8. Il conferimento dei dati ed il consenso al trattamento per le finalit\u00e0 di cui allo scopo del contratto ovvero l\u2019evasione dell\u2019ordine ed il relativo pagamento \u00e8 necessario alla conclusione stessa nonch\u00e9 all\u2019esecuzione del contratto pertanto il rifiuto di fornire tali dati o di prestare il consenso al relativo trattamento ha come conseguenza l\u2019impossibilit\u00e0 per l\u2019utente di acquistare i prodotti e i sevizi di offerti.<\/p>\n<p>9. Il conferimento dei dati ed il consenso al trattamento per le finalit\u00e0 di comunicazioni commerciali \u00e8 facoltativo. Tuttavia, un eventuale rifiuto di fornire tali dati o di prestare il consenso al relativo trattamento potr\u00e0 come conseguenza l\u2019impossibilit\u00e0 per l\u2019utente di ricevere tali ulteriori servizi.<\/p>\n<p>10. L\u2019utente, ha sempre diritto affinch\u00e9 i suoi dati siano aggiornati, rettificati o integrati, la cancellazione, la trasformazione in forma anonima o il blocco dei dati trattati in violazione di legge ivi compresi quelli di cui non \u00e8 necessaria la conservazione in relazione agli scopi per i quali i dati sono stati raccolti o successivamente trattati, l\u2019attestazione che le operazioni sono state portate a conoscenza, anche per quanto riguarda il loro contenuto, di coloro ai quali i dati sono stati comunicati o diffusi, eccettuato il caso in cui tale adempimento si rivela impossibile o comporta un impiego di mezzi manifestamente sproporzionato rispetto al diritto tutelato.<\/p>\n<p>11. L\u2019utente ha diritto di opporsi, in tutto o in parte al trattamento dei dati personali che lo riguardano per motivi legittimi, ancorch\u00e9 pertinenti allo scopo della raccolta e al trattamento di dati personali che lo riguardano a fini di invio di materiale pubblicitario o di vendita diretta o per il compimento di ricerche di mercato o di comunicazione commerciale.<\/p>\n<p>12. L\u2019utente pu\u00f2 inoltre revocare in qualsiasi momento il consenso al trattamento dei propri dati precedentemente dato a Digiplus srl.<\/p>\n<p>13. Tutti i diritti previsti dal Regolamento UE 2016\/679, possono essere esercitati dall\u2019utente, scrivendo alla seguente mail:<span>\u00a0<\/span><a href=\"mailto:info@edil5c.com\">info@digi-plus.it<\/a>\u00a0<\/p>\n<p>14. Alla prima visita l\u2019utente sar\u00e0 invitato a scegliere la propria lingua ed offrir\u00e0 la possibilit\u00e0 di salvare la lingua di preferenza. A tal fine, l\u2019utente autorizza l\u2019utilizzazione dei codici di identificazione c.d. cookies, i.e. piccoli file inviati dal proprio internet server e registrabili sul disco rigido del computer dell\u2019utente.<\/p>\n<p>15. Il disco rigido raccoglie le informazioni sulla preferenza della lingua dell\u2019utente e memorizza le pagine del sito visitate. I cookies sono utilizzati allo scopo di evitare che l\u2019utente riceva la stessa informazione ripetutamente o nella lingua sbagliata, e per adattare il contenuto e la presentazione del sito al tipo di browser dell\u2019utente.<\/p>\n<p>16. Ogni richiesta di informazione potr\u00e0 essere inviata via mail al seguente indirizzo info@europlastik.it, via telefono al seguente recapito telefonico: +39 0825 973848, e via posta al seguente indirizzo:<\/p>\n<p><strong>DIGIPLUS SRL<\/strong><br \/>CORSO UMBERTO I , 124 \u2013 83100 AVELLINO (AV)<br \/>Partita IVA<span>\u00a0<\/span><span>03120300649<\/span><span>\u00a0<\/span>\u2013 Codice Fiscale<span>\u00a0<\/span><span>03120300649<\/span><\/p>\n<p>PEC:<span>\u00a0<\/span><a href=\"mailto:digiplussrl@pec.it\">digiplussrl@pec.it<\/a>\u00a0<\/p>\n<p><\/p>[\/et_pb_text][\/et_pb_column][\/et_pb_row][et_pb_row _builder_version=&#8221;4.23.4&#8243; _module_preset=&#8221;default&#8221;][et_pb_column _builder_version=&#8221;4.23.4&#8243; _module_preset=&#8221;default&#8221; type=&#8221;4_4&#8243;][et_pb_code _builder_version=&#8221;4.23.4&#8243; _module_preset=&#8221;default&#8221; hover_enabled=&#8221;0&#8243; sticky_enabled=&#8221;0&#8243;]<script id=\"CookieDeclaration\" src=\"https:\/\/consent.cookiebot.com\/fa2fdc52-893a-4eae-8e44-54e49cd267bb\/cd.js\" type=\"text\/javascript\" async><\/script>[\/et_pb_code][\/et_pb_column][\/et_pb_row][\/et_pb_section][et_pb_section fb_built=&#8221;1&#8243; admin_label=&#8221;Footer&#8221; _builder_version=&#8221;4.23.4&#8243; _module_preset=&#8221;default&#8221; background_color=&#8221;#091547&#8243; background_image=&#8221;https:\/\/www.digi4shop.it\/wp-content\/uploads\/2023\/11\/online-banking-2.png&#8221; background_position=&#8221;top_center&#8221; saved_tabs=&#8221;all&#8221; locked=&#8221;off&#8221; collapsed=&#8221;on&#8221; global_colors_info=&#8221;{}&#8221;][et_pb_row _builder_version=&#8221;4.20.0&#8243; _module_preset=&#8221;default&#8221; max_width=&#8221;820px&#8221; global_colors_info=&#8221;{}&#8221;][et_pb_column type=&#8221;4_4&#8243; _builder_version=&#8221;4.20.0&#8243; _module_preset=&#8221;default&#8221; global_colors_info=&#8221;{}&#8221;][et_pb_text _builder_version=&#8221;4.20.0&#8243; _module_preset=&#8221;101a5bd5-a655-485c-8c89-965938f3da9d&#8221; header_2_text_color=&#8221;#FFFFFF&#8221; text_orientation=&#8221;center&#8221; inline_fonts=&#8221;Lato&#8221; global_colors_info=&#8221;{}&#8221;]<h2>Migliora il tuo Business con DIGI4.0<\/h2>[\/et_pb_text][et_pb_button button_text=&#8221;VISITA IL NOSTRO SHOP&#8221; button_alignment=&#8221;center&#8221; _builder_version=&#8221;4.23.4&#8243; _module_preset=&#8221;d1e6da02-3f98-4dda-85fd-0c3a27db96ae&#8221; global_colors_info=&#8221;{}&#8221;][\/et_pb_button][\/et_pb_column][\/et_pb_row][et_pb_row column_structure=&#8221;1_3,1_3,1_3&#8243; _builder_version=&#8221;4.21.0&#8243; _module_preset=&#8221;default&#8221; global_colors_info=&#8221;{}&#8221;][et_pb_column type=&#8221;1_3&#8243; _builder_version=&#8221;4.20.0&#8243; _module_preset=&#8221;default&#8221; global_colors_info=&#8221;{}&#8221;][et_pb_text _builder_version=&#8221;4.23.4&#8243; _module_preset=&#8221;0d18ef67-cb6e-4e28-8a05-b55b6beaf2b1&#8243; header_5_text_color=&#8221;#FFFFFF&#8221; locked=&#8221;off&#8221; global_colors_info=&#8221;{}&#8221;]<h5>Prodotti<\/h5>[\/et_pb_text][et_pb_text _builder_version=&#8221;4.20.0&#8243; _module_preset=&#8221;585e01ce-1020-42df-ac37-914e7900e4b1&#8243; text_text_color=&#8221;#FFFFFF&#8221; link_text_color=&#8221;#FFFFFF&#8221; custom_margin=&#8221;||0px||false|false&#8221; locked=&#8221;off&#8221; global_colors_info=&#8221;{}&#8221;]<a href=\"#\">Divi Theme<\/a>[\/et_pb_text][et_pb_text _builder_version=&#8221;4.20.0&#8243; _module_preset=&#8221;585e01ce-1020-42df-ac37-914e7900e4b1&#8243; text_text_color=&#8221;#FFFFFF&#8221; link_text_color=&#8221;#FFFFFF&#8221; custom_margin=&#8221;||0px||false|false&#8221; locked=&#8221;off&#8221; global_colors_info=&#8221;{}&#8221;]<a href=\"#\">Divi Marketplace<\/a>[\/et_pb_text][et_pb_text _builder_version=&#8221;4.20.0&#8243; _module_preset=&#8221;585e01ce-1020-42df-ac37-914e7900e4b1&#8243; text_text_color=&#8221;#FFFFFF&#8221; link_text_color=&#8221;#FFFFFF&#8221; custom_margin=&#8221;||0px||false|false&#8221; locked=&#8221;off&#8221; global_colors_info=&#8221;{}&#8221;]<a href=\"#\">Divi Cloud<\/a>[\/et_pb_text][et_pb_text _builder_version=&#8221;4.20.0&#8243; _module_preset=&#8221;585e01ce-1020-42df-ac37-914e7900e4b1&#8243; text_text_color=&#8221;#FFFFFF&#8221; link_text_color=&#8221;#FFFFFF&#8221; custom_margin=&#8221;||0px||false|false&#8221; locked=&#8221;off&#8221; global_colors_info=&#8221;{}&#8221;]<a href=\"#\">Divi Teams<\/a>[\/et_pb_text][\/et_pb_column][et_pb_column type=&#8221;1_3&#8243; _builder_version=&#8221;4.20.0&#8243; _module_preset=&#8221;default&#8221; global_colors_info=&#8221;{}&#8221;][et_pb_text _builder_version=&#8221;4.23.4&#8243; _module_preset=&#8221;0d18ef67-cb6e-4e28-8a05-b55b6beaf2b1&#8243; header_5_text_color=&#8221;#FFFFFF&#8221; locked=&#8221;off&#8221; global_colors_info=&#8221;{}&#8221;]<h5>Informazioni<\/h5>[\/et_pb_text][et_pb_text _builder_version=&#8221;4.20.0&#8243; _module_preset=&#8221;585e01ce-1020-42df-ac37-914e7900e4b1&#8243; text_text_color=&#8221;#FFFFFF&#8221; link_text_color=&#8221;#FFFFFF&#8221; custom_margin=&#8221;||0px||false|false&#8221; locked=&#8221;off&#8221; global_colors_info=&#8221;{}&#8221;]<a href=\"#\">Contact Us<\/a>[\/et_pb_text][et_pb_text _builder_version=&#8221;4.20.0&#8243; _module_preset=&#8221;585e01ce-1020-42df-ac37-914e7900e4b1&#8243; text_text_color=&#8221;#FFFFFF&#8221; link_text_color=&#8221;#FFFFFF&#8221; custom_margin=&#8221;||0px||false|false&#8221; locked=&#8221;off&#8221; global_colors_info=&#8221;{}&#8221;]<a href=\"#\">Privacy Policy<\/a>[\/et_pb_text][et_pb_text _builder_version=&#8221;4.23.4&#8243; _module_preset=&#8221;585e01ce-1020-42df-ac37-914e7900e4b1&#8243; text_text_color=&#8221;#FFFFFF&#8221; link_text_color=&#8221;#FFFFFF&#8221; custom_margin=&#8221;||0px||false|false&#8221; locked=&#8221;off&#8221; global_colors_info=&#8221;{}&#8221;]<p>Condizioni di Vendita<\/p>[\/et_pb_text][\/et_pb_column][et_pb_column type=&#8221;1_3&#8243; _builder_version=&#8221;4.20.0&#8243; _module_preset=&#8221;default&#8221; global_colors_info=&#8221;{}&#8221;][et_pb_text _builder_version=&#8221;4.23.4&#8243; _module_preset=&#8221;0d18ef67-cb6e-4e28-8a05-b55b6beaf2b1&#8243; header_5_text_color=&#8221;#FFFFFF&#8221; global_colors_info=&#8221;{}&#8221;]<h5>DIGIPLUS SRL<\/h5>[\/et_pb_text][et_pb_text _builder_version=&#8221;4.23.4&#8243; _module_preset=&#8221;585e01ce-1020-42df-ac37-914e7900e4b1&#8243; text_text_color=&#8221;#FFFFFF&#8221; link_text_color=&#8221;gcid-095f3017-670a-4d45-bbf8-520034f23a92&#8243; global_colors_info=&#8221;{%22gcid-095f3017-670a-4d45-bbf8-520034f23a92%22:%91%22link_text_color%22%93}&#8221;]<p><span>Corso Umberto I, 124, Avellino, 83100<\/span><\/p>\n<p>P.Iva :\u00a0 03120300649<span><\/span><\/p>\n<p><span><\/span><\/p>[\/et_pb_text][et_pb_text _builder_version=&#8221;4.23.4&#8243; _module_preset=&#8221;585e01ce-1020-42df-ac37-914e7900e4b1&#8243; text_text_color=&#8221;#FFFFFF&#8221; link_text_color=&#8221;gcid-095f3017-670a-4d45-bbf8-520034f23a92&#8243; custom_margin=&#8221;||0px||false|false&#8221; locked=&#8221;off&#8221; global_colors_info=&#8221;{%22gcid-095f3017-670a-4d45-bbf8-520034f23a92%22:%91%22link_text_color%22%93}&#8221;]<p><span>0825-459588<\/span><\/p>[\/et_pb_text][et_pb_text _builder_version=&#8221;4.23.4&#8243; _module_preset=&#8221;585e01ce-1020-42df-ac37-914e7900e4b1&#8243; text_text_color=&#8221;#FFFFFF&#8221; link_text_color=&#8221;gcid-095f3017-670a-4d45-bbf8-520034f23a92&#8243; custom_margin=&#8221;-3px|||||&#8221; locked=&#8221;off&#8221; global_colors_info=&#8221;{%22gcid-095f3017-670a-4d45-bbf8-520034f23a92%22:%91%22link_text_color%22%93}&#8221;]<p><a href=\"mailto:#\">info@digi-plus.it<\/a><\/p>[\/et_pb_text][et_pb_social_media_follow icon_color=&#8221;gcid-095f3017-670a-4d45-bbf8-520034f23a92&#8243; use_icon_font_size=&#8221;on&#8221; icon_font_size=&#8221;18px&#8221; _builder_version=&#8221;4.20.0&#8243; _module_preset=&#8221;default&#8221; border_radii=&#8221;on|100px|100px|100px|100px&#8221; border_width_all=&#8221;1px&#8221; border_color_all=&#8221;gcid-095f3017-670a-4d45-bbf8-520034f23a92&#8243; global_colors_info=&#8221;{%22gcid-095f3017-670a-4d45-bbf8-520034f23a92%22:%91%22icon_color%22,%22border_color_all%22%93}&#8221;][et_pb_social_media_follow_network social_network=&#8221;linkedin&#8221; _builder_version=&#8221;4.20.0&#8243; _module_preset=&#8221;default&#8221; custom_padding=&#8221;8px|8px|8px|8px|true|true&#8221; global_colors_info=&#8221;{}&#8221; follow_button=&#8221;off&#8221; url_new_window=&#8221;on&#8221;]linkedin[\/et_pb_social_media_follow_network][et_pb_social_media_follow_network social_network=&#8221;facebook&#8221; _builder_version=&#8221;4.20.0&#8243; _module_preset=&#8221;default&#8221; custom_padding=&#8221;8px|8px|8px|8px|true|true&#8221; global_colors_info=&#8221;{}&#8221; follow_button=&#8221;off&#8221; url_new_window=&#8221;on&#8221;]facebook[\/et_pb_social_media_follow_network][et_pb_social_media_follow_network social_network=&#8221;twitter&#8221; _builder_version=&#8221;4.20.0&#8243; _module_preset=&#8221;default&#8221; custom_margin=&#8221;|||||false&#8221; custom_padding=&#8221;8px|8px|8px|8px|true|true&#8221; global_colors_info=&#8221;{}&#8221; follow_button=&#8221;off&#8221; url_new_window=&#8221;on&#8221;]twitter[\/et_pb_social_media_follow_network][\/et_pb_social_media_follow][\/et_pb_column][\/et_pb_row][\/et_pb_section]","protected":false},"excerpt":{"rendered":"<p>Privacy Policy 1. Utilizzando il sito l\u2019utente autorizza il trattamento dei suoi dati personali. La presente informativa ha valore anche ai fini dell\u2019articolo 13 del Regolamento UE n. 2016\/679, relativo alla protezione delle persone fisiche con riguardo al trattamento dei dati personali nonch\u00e9 alla libera circolazione di tali dati. 2. Titolare del trattamento \u00e8 DIGIPLUS [&hellip;]<\/p>\n","protected":false},"author":1,"featured_media":0,"parent":0,"menu_order":0,"comment_status":"closed","ping_status":"closed","template":"","meta":{"_et_pb_use_builder":"on","_et_pb_old_content":"<!-- wp:heading --><h2>Chi siamo<\/h2><!-- \/wp:heading --><!-- wp:paragraph --><p><strong class=\"privacy-policy-tutorial\">Testo suggerito: <\/strong>L'indirizzo del nostro sito web \u00e8: https:\/\/www.digi4shop.it.<\/p><!-- \/wp:paragraph --><!-- wp:heading --><h2>Commenti<\/h2><!-- \/wp:heading --><!-- wp:paragraph --><p><strong class=\"privacy-policy-tutorial\">Testo suggerito: <\/strong>Quando i visitatori lasciano commenti sul sito, raccogliamo i dati mostrati nel modulo dei commenti oltre all'indirizzo IP del visitatore e la stringa dello user agent del browser per facilitare il rilevamento dello spam.<\/p><!-- \/wp:paragraph --><!-- wp:paragraph --><p>Una stringa anonimizzata creata a partire dal tuo indirizzo email (altrimenti detta hash) pu\u00f2 essere fornita al servizio Gravatar per vedere se lo stai usando. La privacy policy del servizio Gravatar \u00e8 disponibile qui: https:\/\/automattic.com\/privacy\/. Dopo l'approvazione del tuo commento, la tua immagine del profilo \u00e8 visibile al pubblico nel contesto del tuo commento.<\/p><!-- \/wp:paragraph --><!-- wp:heading --><h2>Media<\/h2><!-- \/wp:heading --><!-- wp:paragraph --><p><strong class=\"privacy-policy-tutorial\">Testo suggerito: <\/strong>Se carichi immagini sul sito web, dovresti evitare di caricare immagini che includono i dati di posizione incorporati (EXIF GPS). I visitatori del sito web possono scaricare ed estrarre qualsiasi dato sulla posizione dalle immagini sul sito web.<\/p><!-- \/wp:paragraph --><!-- wp:heading --><h2>Cookie<\/h2><!-- \/wp:heading --><!-- wp:paragraph --><p><strong class=\"privacy-policy-tutorial\">Testo suggerito: <\/strong>Se lasci un commento sul nostro sito, puoi scegliere di salvare il tuo nome, indirizzo email e sito web nei cookie. Sono usati per la tua comodit\u00e0 in modo che tu non debba inserire nuovamente i tuoi dati quando lasci un altro commento. Questi cookie dureranno per un anno.<\/p><!-- \/wp:paragraph --><!-- wp:paragraph --><p>Se visiti la pagina di login, verr\u00e0 impostato un cookie temporaneo per determinare se il tuo browser accetta i cookie. Questo cookie non contiene dati personali e viene eliminato quando chiudi il browser.<\/p><!-- \/wp:paragraph --><!-- wp:paragraph --><p>Quando effettui l'accesso, verranno impostati diversi cookie per salvare le tue informazioni di accesso e le tue opzioni di visualizzazione dello schermo. I cookie di accesso durano due giorni mentre i cookie per le opzioni dello schermo durano un anno. Se selezioni &quot;Ricordami&quot;, il tuo accesso persister\u00e0 per due settimane. Se esci dal tuo account, i cookie di accesso verranno rimossi.<\/p><!-- \/wp:paragraph --><!-- wp:paragraph --><p>Se modifichi o pubblichi un articolo, un cookie aggiuntivo verr\u00e0 salvato nel tuo browser. Questo cookie non include dati personali, ma indica semplicemente l'ID dell'articolo appena modificato. Scade dopo 1 giorno.<\/p><!-- \/wp:paragraph --><!-- wp:heading --><h2>Contenuto incorporato da altri siti web<\/h2><!-- \/wp:heading --><!-- wp:paragraph --><p><strong class=\"privacy-policy-tutorial\">Testo suggerito: <\/strong>Gli articoli su questo sito possono includere contenuti incorporati (ad esempio video, immagini, articoli, ecc.). I contenuti incorporati da altri siti web si comportano esattamente allo stesso modo come se il visitatore avesse visitato l'altro sito web.<\/p><!-- \/wp:paragraph --><!-- wp:paragraph --><p>Questi siti web possono raccogliere dati su di te, usare cookie, integrare ulteriori tracciamenti di terze parti e monitorare l'interazione con essi, incluso il tracciamento della tua interazione con il contenuto incorporato se hai un account e sei connesso a quei siti web.<\/p><!-- \/wp:paragraph --><!-- wp:heading --><h2>Con chi condividiamo i tuoi dati<\/h2><!-- \/wp:heading --><!-- wp:paragraph --><p><strong class=\"privacy-policy-tutorial\">Testo suggerito: <\/strong>Se richiedi una reimpostazione della password, il tuo indirizzo IP verr\u00e0 incluso nell'email di reimpostazione.<\/p><!-- \/wp:paragraph --><!-- wp:heading --><h2>Per quanto tempo conserviamo i tuoi dati<\/h2><!-- \/wp:heading --><!-- wp:paragraph --><p><strong class=\"privacy-policy-tutorial\">Testo suggerito: <\/strong>Se lasci un commento, il commento e i relativi metadati vengono conservati a tempo indeterminato. \u00c8 cos\u00ec che possiamo riconoscere e approvare automaticamente eventuali commenti successivi invece di tenerli in una coda di moderazione.<\/p><!-- \/wp:paragraph --><!-- wp:paragraph --><p>Per gli utenti che si registrano sul nostro sito web (se presenti), memorizziamo anche le informazioni personali che forniscono nel loro profilo utente. Tutti gli utenti possono vedere, modificare o eliminare le loro informazioni personali in qualsiasi momento (eccetto il loro nome utente che non possono cambiare). Gli amministratori del sito web possono anche vedere e modificare queste informazioni.<\/p><!-- \/wp:paragraph --><!-- wp:heading --><h2>Quali diritti hai sui tuoi dati<\/h2><!-- \/wp:heading --><!-- wp:paragraph --><p><strong class=\"privacy-policy-tutorial\">Testo suggerito: <\/strong>Se hai un account su questo sito, o hai lasciato commenti, puoi richiedere di ricevere un file esportato dal sito con i dati personali che abbiamo su di te, compresi i dati che ci hai fornito. Puoi anche richiedere che cancelliamo tutti i dati personali che ti riguardano. Questo non include i dati che siamo obbligati a conservare per scopi amministrativi, legali o di sicurezza.<\/p><!-- \/wp:paragraph --><!-- wp:heading --><h2>Dove i tuoi dati sono inviati<\/h2><!-- \/wp:heading --><!-- wp:paragraph --><p><strong class=\"privacy-policy-tutorial\">Testo suggerito: <\/strong>I commenti dei visitatori possono essere controllati attraverso un servizio di rilevamento automatico dello spam.<\/p><!-- \/wp:paragraph -->","_et_gb_content_width":"","footnotes":""},"yoast_head":"<!-- This site is optimized with the Yoast SEO plugin v22.2 - https:\/\/yoast.com\/wordpress\/plugins\/seo\/ -->\n<title>Privacy Policy - DIGI 4 SHOP<\/title>\n<meta name=\"robots\" content=\"index, follow, max-snippet:-1, max-image-preview:large, max-video-preview:-1\" \/>\n<link rel=\"canonical\" href=\"https:\/\/www.digi4shop.it\/index.php\/privacy-policy\/\" \/>\n<meta property=\"og:locale\" content=\"it_IT\" \/>\n<meta property=\"og:type\" content=\"article\" \/>\n<meta property=\"og:title\" content=\"Privacy Policy - DIGI 4 SHOP\" \/>\n<meta property=\"og:description\" content=\"Privacy Policy 1. Utilizzando il sito l\u2019utente autorizza il trattamento dei suoi dati personali. La presente informativa ha valore anche ai fini dell\u2019articolo 13 del Regolamento UE n. 2016\/679, relativo alla protezione delle persone fisiche con riguardo al trattamento dei dati personali nonch\u00e9 alla libera circolazione di tali dati. 2. Titolare del trattamento \u00e8 DIGIPLUS [&hellip;]\" \/>\n<meta property=\"og:url\" content=\"https:\/\/www.digi4shop.it\/index.php\/privacy-policy\/\" \/>\n<meta property=\"og:site_name\" content=\"DIGI 4 SHOP\" \/>\n<meta property=\"article:modified_time\" content=\"2024-01-05T17:17:55+00:00\" \/>\n<meta name=\"twitter:card\" content=\"summary_large_image\" \/>\n<meta name=\"twitter:label1\" content=\"Tempo di lettura stimato\" \/>\n\t<meta name=\"twitter:data1\" content=\"9 minuti\" \/>\n<script type=\"application\/ld+json\" class=\"yoast-schema-graph\">{\"@context\":\"https:\/\/schema.org\",\"@graph\":[{\"@type\":\"WebPage\",\"@id\":\"https:\/\/www.digi4shop.it\/index.php\/privacy-policy\/\",\"url\":\"https:\/\/www.digi4shop.it\/index.php\/privacy-policy\/\",\"name\":\"Privacy Policy - DIGI 4 SHOP\",\"isPartOf\":{\"@id\":\"https:\/\/www.digi4shop.it\/#website\"},\"datePublished\":\"2023-10-30T13:50:57+00:00\",\"dateModified\":\"2024-01-05T17:17:55+00:00\",\"breadcrumb\":{\"@id\":\"https:\/\/www.digi4shop.it\/index.php\/privacy-policy\/#breadcrumb\"},\"inLanguage\":\"it-IT\",\"potentialAction\":[{\"@type\":\"ReadAction\",\"target\":[\"https:\/\/www.digi4shop.it\/index.php\/privacy-policy\/\"]}]},{\"@type\":\"BreadcrumbList\",\"@id\":\"https:\/\/www.digi4shop.it\/index.php\/privacy-policy\/#breadcrumb\",\"itemListElement\":[{\"@type\":\"ListItem\",\"position\":1,\"name\":\"Home\",\"item\":\"https:\/\/www.digi4shop.it\/\"},{\"@type\":\"ListItem\",\"position\":2,\"name\":\"Privacy Policy\"}]},{\"@type\":\"WebSite\",\"@id\":\"https:\/\/www.digi4shop.it\/#website\",\"url\":\"https:\/\/www.digi4shop.it\/\",\"name\":\"DIGI 4 SHOP\",\"description\":\"\",\"potentialAction\":[{\"@type\":\"SearchAction\",\"target\":{\"@type\":\"EntryPoint\",\"urlTemplate\":\"https:\/\/www.digi4shop.it\/?s={search_term_string}\"},\"query-input\":\"required name=search_term_string\"}],\"inLanguage\":\"it-IT\"}]}<\/script>\n<!-- \/ Yoast SEO plugin. -->","yoast_head_json":{"title":"Privacy Policy - DIGI 4 SHOP","robots":{"index":"index","follow":"follow","max-snippet":"max-snippet:-1","max-image-preview":"max-image-preview:large","max-video-preview":"max-video-preview:-1"},"canonical":"https:\/\/www.digi4shop.it\/index.php\/privacy-policy\/","og_locale":"it_IT","og_type":"article","og_title":"Privacy Policy - DIGI 4 SHOP","og_description":"Privacy Policy 1. Utilizzando il sito l\u2019utente autorizza il trattamento dei suoi dati personali. La presente informativa ha valore anche ai fini dell\u2019articolo 13 del Regolamento UE n. 2016\/679, relativo alla protezione delle persone fisiche con riguardo al trattamento dei dati personali nonch\u00e9 alla libera circolazione di tali dati. 2. Titolare del trattamento \u00e8 DIGIPLUS [&hellip;]","og_url":"https:\/\/www.digi4shop.it\/index.php\/privacy-policy\/","og_site_name":"DIGI 4 SHOP","article_modified_time":"2024-01-05T17:17:55+00:00","twitter_card":"summary_large_image","twitter_misc":{"Tempo di lettura stimato":"9 minuti"},"schema":{"@context":"https:\/\/schema.org","@graph":[{"@type":"WebPage","@id":"https:\/\/www.digi4shop.it\/index.php\/privacy-policy\/","url":"https:\/\/www.digi4shop.it\/index.php\/privacy-policy\/","name":"Privacy Policy - DIGI 4 SHOP","isPartOf":{"@id":"https:\/\/www.digi4shop.it\/#website"},"datePublished":"2023-10-30T13:50:57+00:00","dateModified":"2024-01-05T17:17:55+00:00","breadcrumb":{"@id":"https:\/\/www.digi4shop.it\/index.php\/privacy-policy\/#breadcrumb"},"inLanguage":"it-IT","potentialAction":[{"@type":"ReadAction","target":["https:\/\/www.digi4shop.it\/index.php\/privacy-policy\/"]}]},{"@type":"BreadcrumbList","@id":"https:\/\/www.digi4shop.it\/index.php\/privacy-policy\/#breadcrumb","itemListElement":[{"@type":"ListItem","position":1,"name":"Home","item":"https:\/\/www.digi4shop.it\/"},{"@type":"ListItem","position":2,"name":"Privacy Policy"}]},{"@type":"WebSite","@id":"https:\/\/www.digi4shop.it\/#website","url":"https:\/\/www.digi4shop.it\/","name":"DIGI 4 SHOP","description":"","potentialAction":[{"@type":"SearchAction","target":{"@type":"EntryPoint","urlTemplate":"https:\/\/www.digi4shop.it\/?s={search_term_string}"},"query-input":"required name=search_term_string"}],"inLanguage":"it-IT"}]}},"_links":{"self":[{"href":"https:\/\/www.digi4shop.it\/index.php\/wp-json\/wp\/v2\/pages\/3"}],"collection":[{"href":"https:\/\/www.digi4shop.it\/index.php\/wp-json\/wp\/v2\/pages"}],"about":[{"href":"https:\/\/www.digi4shop.it\/index.php\/wp-json\/wp\/v2\/types\/page"}],"author":[{"embeddable":true,"href":"https:\/\/www.digi4shop.it\/index.php\/wp-json\/wp\/v2\/users\/1"}],"replies":[{"embeddable":true,"href":"https:\/\/www.digi4shop.it\/index.php\/wp-json\/wp\/v2\/comments?post=3"}],"version-history":[{"count":4,"href":"https:\/\/www.digi4shop.it\/index.php\/wp-json\/wp\/v2\/pages\/3\/revisions"}],"predecessor-version":[{"id":304,"href":"https:\/\/www.digi4shop.it\/index.php\/wp-json\/wp\/v2\/pages\/3\/revisions\/304"}],"wp:attachment":[{"href":"https:\/\/www.digi4shop.it\/index.php\/wp-json\/wp\/v2\/media?parent=3"}],"curies":[{"name":"wp","href":"https:\/\/api.w.org\/{rel}","templated":true}]}}